{"id":8480,"date":"2022-07-08T11:52:19","date_gmt":"2022-07-08T15:52:19","guid":{"rendered":"https:\/\/boxxinsurance.com\/ca\/brokers\/"},"modified":"2024-11-07T11:47:36","modified_gmt":"2024-11-07T16:47:36","slug":"courtiers","status":"publish","type":"page","link":"https:\/\/boxxinsurance.com\/ca\/fr\/courtiers\/","title":{"rendered":"Devenir courtier en cyberassurance BOXX"},"content":{"rendered":"","protected":false},"excerpt":{"rendered":"","protected":false},"author":2,"featured_media":6610,"parent":0,"menu_order":0,"comment_status":"closed","ping_status":"closed","template":"templates\/template-flexible.php","meta":{"_acf_changed":false,"content-type":"","inline_featured_image":false,"footnotes":""},"class_list":["post-8480","page","type-page","status-publish","has-post-thumbnail","hentry"],"acf":[],"yoast_head":"<!-- This site is optimized with the Yoast SEO Premium plugin v27.1 (Yoast SEO v27.4) - https:\/\/yoast.com\/product\/yoast-seo-premium-wordpress\/ -->\n<title>Devenir courtier en cyberassurance BOXX - BOXX Insurance Canada<\/title>\n<meta name=\"description\" content=\"Devenez un courtier BOXX privil\u00e9gi\u00e9 pour \u00e9valuer les clients, g\u00e9n\u00e9rer des devis et signer des polices d\u2019assurance en quelques minutes.\" \/>\n<meta name=\"robots\" content=\"index, follow, max-snippet:-1, max-image-preview:large, max-video-preview:-1\" \/>\n<link rel=\"canonical\" href=\"https:\/\/boxxinsurance.com\/ca\/fr\/courtiers\/\" \/>\n<meta property=\"og:locale\" content=\"fr_FR\" \/>\n<meta property=\"og:type\" content=\"article\" \/>\n<meta property=\"og:title\" content=\"Devenir courtier en cyberassurance BOXX\" \/>\n<meta property=\"og:description\" content=\"Devenez un courtier BOXX privil\u00e9gi\u00e9 pour \u00e9valuer les clients, g\u00e9n\u00e9rer des devis et signer des polices d\u2019assurance en quelques minutes.\" \/>\n<meta property=\"og:url\" content=\"https:\/\/boxxinsurance.com\/ca\/fr\/courtiers\/\" \/>\n<meta property=\"og:site_name\" content=\"BOXX Insurance Canada\" \/>\n<meta property=\"article:publisher\" content=\"https:\/\/www.facebook.com\/BOXXInsuranceInc\/\" \/>\n<meta property=\"article:modified_time\" content=\"2024-11-07T16:47:36+00:00\" \/>\n<meta property=\"og:image\" content=\"https:\/\/boxxinsurance.com\/ca\/wp-content\/uploads\/sites\/3\/2022\/10\/BOXX-Website-Image-Become-A-BOXX-Broker-Main.png\" \/>\n\t<meta property=\"og:image:width\" content=\"767\" \/>\n\t<meta property=\"og:image:height\" content=\"670\" \/>\n\t<meta property=\"og:image:type\" content=\"image\/png\" \/>\n<meta name=\"twitter:card\" content=\"summary_large_image\" \/>\n<meta name=\"twitter:site\" content=\"@BoxxInsurance\" \/>\n<meta name=\"twitter:label1\" content=\"Dur\u00e9e de lecture estim\u00e9e\" \/>\n\t<meta name=\"twitter:data1\" content=\"3 minutes\" \/>\n<script type=\"application\/ld+json\" class=\"yoast-schema-graph\">{\"@context\":\"https:\\\/\\\/schema.org\",\"@graph\":[{\"@type\":\"WebPage\",\"@id\":\"https:\\\/\\\/boxxinsurance.com\\\/ca\\\/fr\\\/courtiers\\\/\",\"url\":\"https:\\\/\\\/boxxinsurance.com\\\/ca\\\/fr\\\/courtiers\\\/\",\"name\":\"Devenir courtier en cyberassurance BOXX - BOXX Insurance Canada\",\"isPartOf\":{\"@id\":\"https:\\\/\\\/boxxinsurance.com\\\/ca\\\/fr\\\/#website\"},\"primaryImageOfPage\":{\"@id\":\"https:\\\/\\\/boxxinsurance.com\\\/ca\\\/fr\\\/courtiers\\\/#primaryimage\"},\"image\":{\"@id\":\"https:\\\/\\\/boxxinsurance.com\\\/ca\\\/fr\\\/courtiers\\\/#primaryimage\"},\"thumbnailUrl\":\"https:\\\/\\\/boxxinsurance.com\\\/ca\\\/wp-content\\\/uploads\\\/sites\\\/3\\\/2022\\\/10\\\/BOXX-Website-Image-Become-A-BOXX-Broker-Main.png\",\"datePublished\":\"2022-07-08T15:52:19+00:00\",\"dateModified\":\"2024-11-07T16:47:36+00:00\",\"description\":\"Devenez un courtier BOXX privil\u00e9gi\u00e9 pour \u00e9valuer les clients, g\u00e9n\u00e9rer des devis et signer des polices d\u2019assurance en quelques minutes.\",\"breadcrumb\":{\"@id\":\"https:\\\/\\\/boxxinsurance.com\\\/ca\\\/fr\\\/courtiers\\\/#breadcrumb\"},\"inLanguage\":\"fr-FR\",\"potentialAction\":[{\"@type\":\"ReadAction\",\"target\":[\"https:\\\/\\\/boxxinsurance.com\\\/ca\\\/fr\\\/courtiers\\\/\"]}]},{\"@type\":\"ImageObject\",\"inLanguage\":\"fr-FR\",\"@id\":\"https:\\\/\\\/boxxinsurance.com\\\/ca\\\/fr\\\/courtiers\\\/#primaryimage\",\"url\":\"https:\\\/\\\/boxxinsurance.com\\\/ca\\\/wp-content\\\/uploads\\\/sites\\\/3\\\/2022\\\/10\\\/BOXX-Website-Image-Become-A-BOXX-Broker-Main.png\",\"contentUrl\":\"https:\\\/\\\/boxxinsurance.com\\\/ca\\\/wp-content\\\/uploads\\\/sites\\\/3\\\/2022\\\/10\\\/BOXX-Website-Image-Become-A-BOXX-Broker-Main.png\",\"width\":767,\"height\":670,\"caption\":\"Cyber Security Insurance Broker\"},{\"@type\":\"BreadcrumbList\",\"@id\":\"https:\\\/\\\/boxxinsurance.com\\\/ca\\\/fr\\\/courtiers\\\/#breadcrumb\",\"itemListElement\":[{\"@type\":\"ListItem\",\"position\":1,\"name\":\"Home\",\"item\":\"https:\\\/\\\/boxxinsurance.com\\\/ca\\\/fr\\\/\"},{\"@type\":\"ListItem\",\"position\":2,\"name\":\"Devenir courtier en cyberassurance BOXX\"}]},{\"@type\":\"WebSite\",\"@id\":\"https:\\\/\\\/boxxinsurance.com\\\/ca\\\/fr\\\/#website\",\"url\":\"https:\\\/\\\/boxxinsurance.com\\\/ca\\\/fr\\\/\",\"name\":\"BOXX Insurance Canada\",\"description\":\"Outsmarting Cyber Risk Together\",\"publisher\":{\"@id\":\"https:\\\/\\\/boxxinsurance.com\\\/ca\\\/fr\\\/#organization\"},\"alternateName\":\"BOXX Insurance\",\"potentialAction\":[{\"@type\":\"SearchAction\",\"target\":{\"@type\":\"EntryPoint\",\"urlTemplate\":\"https:\\\/\\\/boxxinsurance.com\\\/ca\\\/fr\\\/?s={search_term_string}\"},\"query-input\":{\"@type\":\"PropertyValueSpecification\",\"valueRequired\":true,\"valueName\":\"search_term_string\"}}],\"inLanguage\":\"fr-FR\"},{\"@type\":\"Organization\",\"@id\":\"https:\\\/\\\/boxxinsurance.com\\\/ca\\\/fr\\\/#organization\",\"name\":\"BOXX Insurance\",\"alternateName\":\"BOXX Cyber Insurance\",\"url\":\"https:\\\/\\\/boxxinsurance.com\\\/ca\\\/fr\\\/\",\"logo\":{\"@type\":\"ImageObject\",\"inLanguage\":\"fr-FR\",\"@id\":\"https:\\\/\\\/boxxinsurance.com\\\/ca\\\/fr\\\/#\\\/schema\\\/logo\\\/image\\\/\",\"url\":\"https:\\\/\\\/boxxinsurance.com\\\/ca\\\/wp-content\\\/uploads\\\/sites\\\/3\\\/2024\\\/11\\\/Thumbnail-BOXX-Insurance-2024.png\",\"contentUrl\":\"https:\\\/\\\/boxxinsurance.com\\\/ca\\\/wp-content\\\/uploads\\\/sites\\\/3\\\/2024\\\/11\\\/Thumbnail-BOXX-Insurance-2024.png\",\"width\":1920,\"height\":1080,\"caption\":\"BOXX Insurance\"},\"image\":{\"@id\":\"https:\\\/\\\/boxxinsurance.com\\\/ca\\\/fr\\\/#\\\/schema\\\/logo\\\/image\\\/\"},\"sameAs\":[\"https:\\\/\\\/www.facebook.com\\\/BOXXInsuranceInc\\\/\",\"https:\\\/\\\/x.com\\\/BoxxInsurance\",\"https:\\\/\\\/www.youtube.com\\\/@boxxinsurance\",\"https:\\\/\\\/www.instagram.com\\\/boxxinsurance\\\/\",\"https:\\\/\\\/www.linkedin.com\\\/company\\\/boxxinsurance\"],\"description\":\"BOXX Insurance is a global leader in cyber insurance and cybersecurity solutions, providing comprehensive digital protection for individuals, families and businesses. Combining insurance coverage with proactive cybersecurity measures to safeguard against threats like data breaches, ransomware attacks, identity theft and online fraud. Tailored cyber insurance policies protect against financial loss from cyber incidents. Serving small businesses and enterprises, we provide cyber risk management, threat detection and incident response services. Operating internationally, we leverage worldwide expertise to provide localized solutions. Our innovative approach sets us apart in the evolving cybersecurity landscape. Get cyber insurance protection.\",\"email\":\"info@boxxinsurance.com\",\"telephone\":\"1-416-583-3745\",\"legalName\":\"BOXX Insurance Inc.\",\"foundingDate\":\"2018-05-01\",\"duns\":\"203751495\",\"numberOfEmployees\":{\"@type\":\"QuantitativeValue\",\"minValue\":\"51\",\"maxValue\":\"200\"},\"parentOrganization\":{\"@type\":\"Organization\",\"name\":\"Zurich Insurance Group\",\"url\":\"https:\\\/\\\/www.zurich.com\\\/\"},\"address\":{\"@type\":\"PostalAddress\",\"streetAddress\":\"302 Bay St. Suite 703-01\",\"addressLocality\":\"Toronto\",\"addressRegion\":\"ON\",\"postalCode\":\"M5H 0B6\",\"addressCountry\":\"CA\"}}]}<\/script>\n<!-- \/ Yoast SEO Premium plugin. -->","yoast_head_json":{"title":"Devenir courtier en cyberassurance BOXX - BOXX Insurance Canada","description":"Devenez un courtier BOXX privil\u00e9gi\u00e9 pour \u00e9valuer les clients, g\u00e9n\u00e9rer des devis et signer des polices d\u2019assurance en quelques minutes.","robots":{"index":"index","follow":"follow","max-snippet":"max-snippet:-1","max-image-preview":"max-image-preview:large","max-video-preview":"max-video-preview:-1"},"canonical":"https:\/\/boxxinsurance.com\/ca\/fr\/courtiers\/","og_locale":"fr_FR","og_type":"article","og_title":"Devenir courtier en cyberassurance BOXX","og_description":"Devenez un courtier BOXX privil\u00e9gi\u00e9 pour \u00e9valuer les clients, g\u00e9n\u00e9rer des devis et signer des polices d\u2019assurance en quelques minutes.","og_url":"https:\/\/boxxinsurance.com\/ca\/fr\/courtiers\/","og_site_name":"BOXX Insurance Canada","article_publisher":"https:\/\/www.facebook.com\/BOXXInsuranceInc\/","article_modified_time":"2024-11-07T16:47:36+00:00","og_image":[{"width":767,"height":670,"url":"https:\/\/boxxinsurance.com\/ca\/wp-content\/uploads\/sites\/3\/2022\/10\/BOXX-Website-Image-Become-A-BOXX-Broker-Main.png","type":"image\/png"}],"twitter_card":"summary_large_image","twitter_site":"@BoxxInsurance","twitter_misc":{"Dur\u00e9e de lecture estim\u00e9e":"3 minutes"},"schema":{"@context":"https:\/\/schema.org","@graph":[{"@type":"WebPage","@id":"https:\/\/boxxinsurance.com\/ca\/fr\/courtiers\/","url":"https:\/\/boxxinsurance.com\/ca\/fr\/courtiers\/","name":"Devenir courtier en cyberassurance BOXX - BOXX Insurance Canada","isPartOf":{"@id":"https:\/\/boxxinsurance.com\/ca\/fr\/#website"},"primaryImageOfPage":{"@id":"https:\/\/boxxinsurance.com\/ca\/fr\/courtiers\/#primaryimage"},"image":{"@id":"https:\/\/boxxinsurance.com\/ca\/fr\/courtiers\/#primaryimage"},"thumbnailUrl":"https:\/\/boxxinsurance.com\/ca\/wp-content\/uploads\/sites\/3\/2022\/10\/BOXX-Website-Image-Become-A-BOXX-Broker-Main.png","datePublished":"2022-07-08T15:52:19+00:00","dateModified":"2024-11-07T16:47:36+00:00","description":"Devenez un courtier BOXX privil\u00e9gi\u00e9 pour \u00e9valuer les clients, g\u00e9n\u00e9rer des devis et signer des polices d\u2019assurance en quelques minutes.","breadcrumb":{"@id":"https:\/\/boxxinsurance.com\/ca\/fr\/courtiers\/#breadcrumb"},"inLanguage":"fr-FR","potentialAction":[{"@type":"ReadAction","target":["https:\/\/boxxinsurance.com\/ca\/fr\/courtiers\/"]}]},{"@type":"ImageObject","inLanguage":"fr-FR","@id":"https:\/\/boxxinsurance.com\/ca\/fr\/courtiers\/#primaryimage","url":"https:\/\/boxxinsurance.com\/ca\/wp-content\/uploads\/sites\/3\/2022\/10\/BOXX-Website-Image-Become-A-BOXX-Broker-Main.png","contentUrl":"https:\/\/boxxinsurance.com\/ca\/wp-content\/uploads\/sites\/3\/2022\/10\/BOXX-Website-Image-Become-A-BOXX-Broker-Main.png","width":767,"height":670,"caption":"Cyber Security Insurance Broker"},{"@type":"BreadcrumbList","@id":"https:\/\/boxxinsurance.com\/ca\/fr\/courtiers\/#breadcrumb","itemListElement":[{"@type":"ListItem","position":1,"name":"Home","item":"https:\/\/boxxinsurance.com\/ca\/fr\/"},{"@type":"ListItem","position":2,"name":"Devenir courtier en cyberassurance BOXX"}]},{"@type":"WebSite","@id":"https:\/\/boxxinsurance.com\/ca\/fr\/#website","url":"https:\/\/boxxinsurance.com\/ca\/fr\/","name":"BOXX Insurance Canada","description":"Outsmarting Cyber Risk Together","publisher":{"@id":"https:\/\/boxxinsurance.com\/ca\/fr\/#organization"},"alternateName":"BOXX Insurance","potentialAction":[{"@type":"SearchAction","target":{"@type":"EntryPoint","urlTemplate":"https:\/\/boxxinsurance.com\/ca\/fr\/?s={search_term_string}"},"query-input":{"@type":"PropertyValueSpecification","valueRequired":true,"valueName":"search_term_string"}}],"inLanguage":"fr-FR"},{"@type":"Organization","@id":"https:\/\/boxxinsurance.com\/ca\/fr\/#organization","name":"BOXX Insurance","alternateName":"BOXX Cyber Insurance","url":"https:\/\/boxxinsurance.com\/ca\/fr\/","logo":{"@type":"ImageObject","inLanguage":"fr-FR","@id":"https:\/\/boxxinsurance.com\/ca\/fr\/#\/schema\/logo\/image\/","url":"https:\/\/boxxinsurance.com\/ca\/wp-content\/uploads\/sites\/3\/2024\/11\/Thumbnail-BOXX-Insurance-2024.png","contentUrl":"https:\/\/boxxinsurance.com\/ca\/wp-content\/uploads\/sites\/3\/2024\/11\/Thumbnail-BOXX-Insurance-2024.png","width":1920,"height":1080,"caption":"BOXX Insurance"},"image":{"@id":"https:\/\/boxxinsurance.com\/ca\/fr\/#\/schema\/logo\/image\/"},"sameAs":["https:\/\/www.facebook.com\/BOXXInsuranceInc\/","https:\/\/x.com\/BoxxInsurance","https:\/\/www.youtube.com\/@boxxinsurance","https:\/\/www.instagram.com\/boxxinsurance\/","https:\/\/www.linkedin.com\/company\/boxxinsurance"],"description":"BOXX Insurance is a global leader in cyber insurance and cybersecurity solutions, providing comprehensive digital protection for individuals, families and businesses. Combining insurance coverage with proactive cybersecurity measures to safeguard against threats like data breaches, ransomware attacks, identity theft and online fraud. Tailored cyber insurance policies protect against financial loss from cyber incidents. Serving small businesses and enterprises, we provide cyber risk management, threat detection and incident response services. Operating internationally, we leverage worldwide expertise to provide localized solutions. Our innovative approach sets us apart in the evolving cybersecurity landscape. Get cyber insurance protection.","email":"info@boxxinsurance.com","telephone":"1-416-583-3745","legalName":"BOXX Insurance Inc.","foundingDate":"2018-05-01","duns":"203751495","numberOfEmployees":{"@type":"QuantitativeValue","minValue":"51","maxValue":"200"},"parentOrganization":{"@type":"Organization","name":"Zurich Insurance Group","url":"https:\/\/www.zurich.com\/"},"address":{"@type":"PostalAddress","streetAddress":"302 Bay St. Suite 703-01","addressLocality":"Toronto","addressRegion":"ON","postalCode":"M5H 0B6","addressCountry":"CA"}}]}},"_links":{"self":[{"href":"https:\/\/boxxinsurance.com\/ca\/fr\/wp-json\/wp\/v2\/pages\/8480","targetHints":{"allow":["GET"]}}],"collection":[{"href":"https:\/\/boxxinsurance.com\/ca\/fr\/wp-json\/wp\/v2\/pages"}],"about":[{"href":"https:\/\/boxxinsurance.com\/ca\/fr\/wp-json\/wp\/v2\/types\/page"}],"author":[{"embeddable":true,"href":"https:\/\/boxxinsurance.com\/ca\/fr\/wp-json\/wp\/v2\/users\/2"}],"replies":[{"embeddable":true,"href":"https:\/\/boxxinsurance.com\/ca\/fr\/wp-json\/wp\/v2\/comments?post=8480"}],"version-history":[{"count":12,"href":"https:\/\/boxxinsurance.com\/ca\/fr\/wp-json\/wp\/v2\/pages\/8480\/revisions"}],"predecessor-version":[{"id":10947,"href":"https:\/\/boxxinsurance.com\/ca\/fr\/wp-json\/wp\/v2\/pages\/8480\/revisions\/10947"}],"wp:featuredmedia":[{"embeddable":true,"href":"https:\/\/boxxinsurance.com\/ca\/fr\/wp-json\/wp\/v2\/media\/6610"}],"wp:attachment":[{"href":"https:\/\/boxxinsurance.com\/ca\/fr\/wp-json\/wp\/v2\/media?parent=8480"}],"curies":[{"name":"wp","href":"https:\/\/api.w.org\/{rel}","templated":true}]}}