{"id":8492,"date":"2023-03-01T07:18:36","date_gmt":"2023-03-01T12:18:36","guid":{"rendered":"https:\/\/boxxinsurance.com\/ca\/cyber-insurance-licenses\/"},"modified":"2025-02-05T12:05:15","modified_gmt":"2025-02-05T17:05:15","slug":"cyber-insurance-licenses","status":"publish","type":"page","link":"https:\/\/boxxinsurance.com\/ca\/fr\/cyber-insurance-licenses\/","title":{"rendered":"Licences de BOXX Insurance"},"content":{"rendered":"","protected":false},"excerpt":{"rendered":"","protected":false},"author":2,"featured_media":6945,"parent":0,"menu_order":0,"comment_status":"closed","ping_status":"closed","template":"templates\/template-flexible.php","meta":{"_acf_changed":false,"content-type":"","inline_featured_image":false,"footnotes":""},"class_list":["post-8492","page","type-page","status-publish","has-post-thumbnail","hentry"],"acf":[],"yoast_head":"<!-- This site is optimized with the Yoast SEO Premium plugin v27.1 (Yoast SEO v27.3) - https:\/\/yoast.com\/product\/yoast-seo-premium-wordpress\/ -->\n<title>Licences de BOXX Insurance - BOXX Insurance Canada<\/title>\n<meta name=\"description\" content=\"BOXX Insurance est un fournisseur d&#039;assurance cybern\u00e9tique agr\u00e9\u00e9 et enregistr\u00e9 dans les 50 \u00c9tats des \u00c9tats-Unis sous le nom de BOXX Insurance LLC.\" \/>\n<meta name=\"robots\" content=\"index, follow, max-snippet:-1, max-image-preview:large, max-video-preview:-1\" \/>\n<link rel=\"canonical\" href=\"https:\/\/boxxinsurance.com\/ca\/fr\/cyber-insurance-licenses\/\" \/>\n<meta property=\"og:locale\" content=\"fr_FR\" \/>\n<meta property=\"og:type\" content=\"article\" \/>\n<meta property=\"og:title\" content=\"Licences de BOXX Insurance\" \/>\n<meta property=\"og:description\" content=\"BOXX Insurance est un fournisseur d&#039;assurance cybern\u00e9tique agr\u00e9\u00e9 et enregistr\u00e9 dans les 50 \u00c9tats des \u00c9tats-Unis sous le nom de BOXX Insurance LLC.\" \/>\n<meta property=\"og:url\" content=\"https:\/\/boxxinsurance.com\/ca\/fr\/cyber-insurance-licenses\/\" \/>\n<meta property=\"og:site_name\" content=\"BOXX Insurance Canada\" \/>\n<meta property=\"article:publisher\" content=\"https:\/\/www.facebook.com\/BOXXInsuranceInc\/\" \/>\n<meta property=\"article:modified_time\" content=\"2025-02-05T17:05:15+00:00\" \/>\n<meta property=\"og:image\" content=\"https:\/\/boxxinsurance.com\/ca\/wp-content\/uploads\/sites\/3\/2022\/11\/Thumbnail-BOXX-Insurance.png\" \/>\n\t<meta property=\"og:image:width\" content=\"1920\" \/>\n\t<meta property=\"og:image:height\" content=\"1080\" \/>\n\t<meta property=\"og:image:type\" content=\"image\/png\" \/>\n<meta name=\"twitter:card\" content=\"summary_large_image\" \/>\n<meta name=\"twitter:site\" content=\"@BoxxInsurance\" \/>\n<meta name=\"twitter:label1\" content=\"Dur\u00e9e de lecture estim\u00e9e\" \/>\n\t<meta name=\"twitter:data1\" content=\"1 minute\" \/>\n<script type=\"application\/ld+json\" class=\"yoast-schema-graph\">{\"@context\":\"https:\\\/\\\/schema.org\",\"@graph\":[{\"@type\":\"WebPage\",\"@id\":\"https:\\\/\\\/boxxinsurance.com\\\/ca\\\/fr\\\/cyber-insurance-licenses\\\/\",\"url\":\"https:\\\/\\\/boxxinsurance.com\\\/ca\\\/fr\\\/cyber-insurance-licenses\\\/\",\"name\":\"Licences de BOXX Insurance - BOXX Insurance Canada\",\"isPartOf\":{\"@id\":\"https:\\\/\\\/boxxinsurance.com\\\/ca\\\/fr\\\/#website\"},\"primaryImageOfPage\":{\"@id\":\"https:\\\/\\\/boxxinsurance.com\\\/ca\\\/fr\\\/cyber-insurance-licenses\\\/#primaryimage\"},\"image\":{\"@id\":\"https:\\\/\\\/boxxinsurance.com\\\/ca\\\/fr\\\/cyber-insurance-licenses\\\/#primaryimage\"},\"thumbnailUrl\":\"https:\\\/\\\/boxxinsurance.com\\\/ca\\\/wp-content\\\/uploads\\\/sites\\\/3\\\/2022\\\/11\\\/Thumbnail-BOXX-Insurance.png\",\"datePublished\":\"2023-03-01T12:18:36+00:00\",\"dateModified\":\"2025-02-05T17:05:15+00:00\",\"description\":\"BOXX Insurance est un fournisseur d'assurance cybern\u00e9tique agr\u00e9\u00e9 et enregistr\u00e9 dans les 50 \u00c9tats des \u00c9tats-Unis sous le nom de BOXX Insurance LLC.\",\"breadcrumb\":{\"@id\":\"https:\\\/\\\/boxxinsurance.com\\\/ca\\\/fr\\\/cyber-insurance-licenses\\\/#breadcrumb\"},\"inLanguage\":\"fr-FR\",\"potentialAction\":[{\"@type\":\"ReadAction\",\"target\":[\"https:\\\/\\\/boxxinsurance.com\\\/ca\\\/fr\\\/cyber-insurance-licenses\\\/\"]}]},{\"@type\":\"ImageObject\",\"inLanguage\":\"fr-FR\",\"@id\":\"https:\\\/\\\/boxxinsurance.com\\\/ca\\\/fr\\\/cyber-insurance-licenses\\\/#primaryimage\",\"url\":\"https:\\\/\\\/boxxinsurance.com\\\/ca\\\/wp-content\\\/uploads\\\/sites\\\/3\\\/2022\\\/11\\\/Thumbnail-BOXX-Insurance.png\",\"contentUrl\":\"https:\\\/\\\/boxxinsurance.com\\\/ca\\\/wp-content\\\/uploads\\\/sites\\\/3\\\/2022\\\/11\\\/Thumbnail-BOXX-Insurance.png\",\"width\":1920,\"height\":1080,\"caption\":\"BOXX Insurance - Cyber Insurance\"},{\"@type\":\"BreadcrumbList\",\"@id\":\"https:\\\/\\\/boxxinsurance.com\\\/ca\\\/fr\\\/cyber-insurance-licenses\\\/#breadcrumb\",\"itemListElement\":[{\"@type\":\"ListItem\",\"position\":1,\"name\":\"Home\",\"item\":\"https:\\\/\\\/boxxinsurance.com\\\/ca\\\/fr\\\/\"},{\"@type\":\"ListItem\",\"position\":2,\"name\":\"Licences de BOXX Insurance\"}]},{\"@type\":\"WebSite\",\"@id\":\"https:\\\/\\\/boxxinsurance.com\\\/ca\\\/fr\\\/#website\",\"url\":\"https:\\\/\\\/boxxinsurance.com\\\/ca\\\/fr\\\/\",\"name\":\"BOXX Insurance Canada\",\"description\":\"Outsmarting Cyber Risk Together\",\"publisher\":{\"@id\":\"https:\\\/\\\/boxxinsurance.com\\\/ca\\\/fr\\\/#organization\"},\"alternateName\":\"BOXX Insurance\",\"potentialAction\":[{\"@type\":\"SearchAction\",\"target\":{\"@type\":\"EntryPoint\",\"urlTemplate\":\"https:\\\/\\\/boxxinsurance.com\\\/ca\\\/fr\\\/?s={search_term_string}\"},\"query-input\":{\"@type\":\"PropertyValueSpecification\",\"valueRequired\":true,\"valueName\":\"search_term_string\"}}],\"inLanguage\":\"fr-FR\"},{\"@type\":\"Organization\",\"@id\":\"https:\\\/\\\/boxxinsurance.com\\\/ca\\\/fr\\\/#organization\",\"name\":\"BOXX Insurance\",\"alternateName\":\"BOXX Cyber Insurance\",\"url\":\"https:\\\/\\\/boxxinsurance.com\\\/ca\\\/fr\\\/\",\"logo\":{\"@type\":\"ImageObject\",\"inLanguage\":\"fr-FR\",\"@id\":\"https:\\\/\\\/boxxinsurance.com\\\/ca\\\/fr\\\/#\\\/schema\\\/logo\\\/image\\\/\",\"url\":\"https:\\\/\\\/boxxinsurance.com\\\/ca\\\/wp-content\\\/uploads\\\/sites\\\/3\\\/2024\\\/11\\\/Thumbnail-BOXX-Insurance-2024.png\",\"contentUrl\":\"https:\\\/\\\/boxxinsurance.com\\\/ca\\\/wp-content\\\/uploads\\\/sites\\\/3\\\/2024\\\/11\\\/Thumbnail-BOXX-Insurance-2024.png\",\"width\":1920,\"height\":1080,\"caption\":\"BOXX Insurance\"},\"image\":{\"@id\":\"https:\\\/\\\/boxxinsurance.com\\\/ca\\\/fr\\\/#\\\/schema\\\/logo\\\/image\\\/\"},\"sameAs\":[\"https:\\\/\\\/www.facebook.com\\\/BOXXInsuranceInc\\\/\",\"https:\\\/\\\/x.com\\\/BoxxInsurance\",\"https:\\\/\\\/www.youtube.com\\\/@boxxinsurance\",\"https:\\\/\\\/www.instagram.com\\\/boxxinsurance\\\/\",\"https:\\\/\\\/www.linkedin.com\\\/company\\\/boxxinsurance\"],\"description\":\"BOXX Insurance is a global leader in cyber insurance and cybersecurity solutions, providing comprehensive digital protection for individuals, families and businesses. Combining insurance coverage with proactive cybersecurity measures to safeguard against threats like data breaches, ransomware attacks, identity theft and online fraud. Tailored cyber insurance policies protect against financial loss from cyber incidents. Serving small businesses and enterprises, we provide cyber risk management, threat detection and incident response services. Operating internationally, we leverage worldwide expertise to provide localized solutions. Our innovative approach sets us apart in the evolving cybersecurity landscape. Get cyber insurance protection.\",\"email\":\"info@boxxinsurance.com\",\"telephone\":\"1-416-583-3745\",\"legalName\":\"BOXX Insurance Inc.\",\"foundingDate\":\"2018-05-01\",\"numberOfEmployees\":{\"@type\":\"QuantitativeValue\",\"minValue\":\"51\",\"maxValue\":\"200\"}}]}<\/script>\n<!-- \/ Yoast SEO Premium plugin. -->","yoast_head_json":{"title":"Licences de BOXX Insurance - BOXX Insurance Canada","description":"BOXX Insurance est un fournisseur d'assurance cybern\u00e9tique agr\u00e9\u00e9 et enregistr\u00e9 dans les 50 \u00c9tats des \u00c9tats-Unis sous le nom de BOXX Insurance LLC.","robots":{"index":"index","follow":"follow","max-snippet":"max-snippet:-1","max-image-preview":"max-image-preview:large","max-video-preview":"max-video-preview:-1"},"canonical":"https:\/\/boxxinsurance.com\/ca\/fr\/cyber-insurance-licenses\/","og_locale":"fr_FR","og_type":"article","og_title":"Licences de BOXX Insurance","og_description":"BOXX Insurance est un fournisseur d'assurance cybern\u00e9tique agr\u00e9\u00e9 et enregistr\u00e9 dans les 50 \u00c9tats des \u00c9tats-Unis sous le nom de BOXX Insurance LLC.","og_url":"https:\/\/boxxinsurance.com\/ca\/fr\/cyber-insurance-licenses\/","og_site_name":"BOXX Insurance Canada","article_publisher":"https:\/\/www.facebook.com\/BOXXInsuranceInc\/","article_modified_time":"2025-02-05T17:05:15+00:00","og_image":[{"width":1920,"height":1080,"url":"https:\/\/boxxinsurance.com\/ca\/wp-content\/uploads\/sites\/3\/2022\/11\/Thumbnail-BOXX-Insurance.png","type":"image\/png"}],"twitter_card":"summary_large_image","twitter_site":"@BoxxInsurance","twitter_misc":{"Dur\u00e9e de lecture estim\u00e9e":"1 minute"},"schema":{"@context":"https:\/\/schema.org","@graph":[{"@type":"WebPage","@id":"https:\/\/boxxinsurance.com\/ca\/fr\/cyber-insurance-licenses\/","url":"https:\/\/boxxinsurance.com\/ca\/fr\/cyber-insurance-licenses\/","name":"Licences de BOXX Insurance - BOXX Insurance Canada","isPartOf":{"@id":"https:\/\/boxxinsurance.com\/ca\/fr\/#website"},"primaryImageOfPage":{"@id":"https:\/\/boxxinsurance.com\/ca\/fr\/cyber-insurance-licenses\/#primaryimage"},"image":{"@id":"https:\/\/boxxinsurance.com\/ca\/fr\/cyber-insurance-licenses\/#primaryimage"},"thumbnailUrl":"https:\/\/boxxinsurance.com\/ca\/wp-content\/uploads\/sites\/3\/2022\/11\/Thumbnail-BOXX-Insurance.png","datePublished":"2023-03-01T12:18:36+00:00","dateModified":"2025-02-05T17:05:15+00:00","description":"BOXX Insurance est un fournisseur d'assurance cybern\u00e9tique agr\u00e9\u00e9 et enregistr\u00e9 dans les 50 \u00c9tats des \u00c9tats-Unis sous le nom de BOXX Insurance LLC.","breadcrumb":{"@id":"https:\/\/boxxinsurance.com\/ca\/fr\/cyber-insurance-licenses\/#breadcrumb"},"inLanguage":"fr-FR","potentialAction":[{"@type":"ReadAction","target":["https:\/\/boxxinsurance.com\/ca\/fr\/cyber-insurance-licenses\/"]}]},{"@type":"ImageObject","inLanguage":"fr-FR","@id":"https:\/\/boxxinsurance.com\/ca\/fr\/cyber-insurance-licenses\/#primaryimage","url":"https:\/\/boxxinsurance.com\/ca\/wp-content\/uploads\/sites\/3\/2022\/11\/Thumbnail-BOXX-Insurance.png","contentUrl":"https:\/\/boxxinsurance.com\/ca\/wp-content\/uploads\/sites\/3\/2022\/11\/Thumbnail-BOXX-Insurance.png","width":1920,"height":1080,"caption":"BOXX Insurance - Cyber Insurance"},{"@type":"BreadcrumbList","@id":"https:\/\/boxxinsurance.com\/ca\/fr\/cyber-insurance-licenses\/#breadcrumb","itemListElement":[{"@type":"ListItem","position":1,"name":"Home","item":"https:\/\/boxxinsurance.com\/ca\/fr\/"},{"@type":"ListItem","position":2,"name":"Licences de BOXX Insurance"}]},{"@type":"WebSite","@id":"https:\/\/boxxinsurance.com\/ca\/fr\/#website","url":"https:\/\/boxxinsurance.com\/ca\/fr\/","name":"BOXX Insurance Canada","description":"Outsmarting Cyber Risk Together","publisher":{"@id":"https:\/\/boxxinsurance.com\/ca\/fr\/#organization"},"alternateName":"BOXX Insurance","potentialAction":[{"@type":"SearchAction","target":{"@type":"EntryPoint","urlTemplate":"https:\/\/boxxinsurance.com\/ca\/fr\/?s={search_term_string}"},"query-input":{"@type":"PropertyValueSpecification","valueRequired":true,"valueName":"search_term_string"}}],"inLanguage":"fr-FR"},{"@type":"Organization","@id":"https:\/\/boxxinsurance.com\/ca\/fr\/#organization","name":"BOXX Insurance","alternateName":"BOXX Cyber Insurance","url":"https:\/\/boxxinsurance.com\/ca\/fr\/","logo":{"@type":"ImageObject","inLanguage":"fr-FR","@id":"https:\/\/boxxinsurance.com\/ca\/fr\/#\/schema\/logo\/image\/","url":"https:\/\/boxxinsurance.com\/ca\/wp-content\/uploads\/sites\/3\/2024\/11\/Thumbnail-BOXX-Insurance-2024.png","contentUrl":"https:\/\/boxxinsurance.com\/ca\/wp-content\/uploads\/sites\/3\/2024\/11\/Thumbnail-BOXX-Insurance-2024.png","width":1920,"height":1080,"caption":"BOXX Insurance"},"image":{"@id":"https:\/\/boxxinsurance.com\/ca\/fr\/#\/schema\/logo\/image\/"},"sameAs":["https:\/\/www.facebook.com\/BOXXInsuranceInc\/","https:\/\/x.com\/BoxxInsurance","https:\/\/www.youtube.com\/@boxxinsurance","https:\/\/www.instagram.com\/boxxinsurance\/","https:\/\/www.linkedin.com\/company\/boxxinsurance"],"description":"BOXX Insurance is a global leader in cyber insurance and cybersecurity solutions, providing comprehensive digital protection for individuals, families and businesses. Combining insurance coverage with proactive cybersecurity measures to safeguard against threats like data breaches, ransomware attacks, identity theft and online fraud. Tailored cyber insurance policies protect against financial loss from cyber incidents. Serving small businesses and enterprises, we provide cyber risk management, threat detection and incident response services. Operating internationally, we leverage worldwide expertise to provide localized solutions. Our innovative approach sets us apart in the evolving cybersecurity landscape. Get cyber insurance protection.","email":"info@boxxinsurance.com","telephone":"1-416-583-3745","legalName":"BOXX Insurance Inc.","foundingDate":"2018-05-01","numberOfEmployees":{"@type":"QuantitativeValue","minValue":"51","maxValue":"200"}}]}},"_links":{"self":[{"href":"https:\/\/boxxinsurance.com\/ca\/fr\/wp-json\/wp\/v2\/pages\/8492","targetHints":{"allow":["GET"]}}],"collection":[{"href":"https:\/\/boxxinsurance.com\/ca\/fr\/wp-json\/wp\/v2\/pages"}],"about":[{"href":"https:\/\/boxxinsurance.com\/ca\/fr\/wp-json\/wp\/v2\/types\/page"}],"author":[{"embeddable":true,"href":"https:\/\/boxxinsurance.com\/ca\/fr\/wp-json\/wp\/v2\/users\/2"}],"replies":[{"embeddable":true,"href":"https:\/\/boxxinsurance.com\/ca\/fr\/wp-json\/wp\/v2\/comments?post=8492"}],"version-history":[{"count":15,"href":"https:\/\/boxxinsurance.com\/ca\/fr\/wp-json\/wp\/v2\/pages\/8492\/revisions"}],"predecessor-version":[{"id":11083,"href":"https:\/\/boxxinsurance.com\/ca\/fr\/wp-json\/wp\/v2\/pages\/8492\/revisions\/11083"}],"wp:featuredmedia":[{"embeddable":true,"href":"https:\/\/boxxinsurance.com\/ca\/fr\/wp-json\/wp\/v2\/media\/6945"}],"wp:attachment":[{"href":"https:\/\/boxxinsurance.com\/ca\/fr\/wp-json\/wp\/v2\/media?parent=8492"}],"curies":[{"name":"wp","href":"https:\/\/api.w.org\/{rel}","templated":true}]}}