{"id":8508,"date":"2023-04-19T08:40:33","date_gmt":"2023-04-19T12:40:33","guid":{"rendered":"https:\/\/boxxinsurance.com\/ca\/products-services-cyber-insurance-small-business\/industries\/healthcare\/"},"modified":"2023-11-29T11:56:12","modified_gmt":"2023-11-29T16:56:12","slug":"soins-de-sante","status":"publish","type":"page","link":"https:\/\/boxxinsurance.com\/ca\/fr\/produits-services-cyberassurance-petites-entreprises\/industries\/soins-de-sante\/","title":{"rendered":"Cyberboxx Business Industry: Soins de Sant\u00e9"},"content":{"rendered":"","protected":false},"excerpt":{"rendered":"","protected":false},"author":2,"featured_media":8205,"parent":8506,"menu_order":0,"comment_status":"closed","ping_status":"closed","template":"templates\/template-flexible.php","meta":{"_acf_changed":false,"content-type":"","inline_featured_image":false,"footnotes":""},"class_list":["post-8508","page","type-page","status-publish","has-post-thumbnail","hentry"],"acf":[],"yoast_head":"<!-- This site is optimized with the Yoast SEO Premium plugin v27.1 (Yoast SEO v27.3) - https:\/\/yoast.com\/product\/yoast-seo-premium-wordpress\/ -->\n<title>Cyberassurance pour les professionnels de la sant\u00e9 - BOXX Insurance Canada<\/title>\n<meta name=\"description\" content=\"La meilleure cyberassurance et protection pour les professionnels de la sant\u00e9. R\u00e9duisez les risques gr\u00e2ce \u00e0 la couverture et aux services de cyberassurance de BOXX.\" \/>\n<meta name=\"robots\" content=\"index, follow, max-snippet:-1, max-image-preview:large, max-video-preview:-1\" \/>\n<link rel=\"canonical\" href=\"https:\/\/boxxinsurance.com\/ca\/fr\/produits-services-cyberassurance-petites-entreprises\/industries\/soins-de-sante\/\" \/>\n<meta property=\"og:locale\" content=\"fr_FR\" \/>\n<meta property=\"og:type\" content=\"article\" \/>\n<meta property=\"og:title\" content=\"Cyberboxx Business Industry: Soins de Sant\u00e9\" \/>\n<meta property=\"og:description\" content=\"La meilleure cyberassurance et protection pour les professionnels de la sant\u00e9. R\u00e9duisez les risques gr\u00e2ce \u00e0 la couverture et aux services de cyberassurance de BOXX.\" \/>\n<meta property=\"og:url\" content=\"https:\/\/boxxinsurance.com\/ca\/fr\/produits-services-cyberassurance-petites-entreprises\/industries\/soins-de-sante\/\" \/>\n<meta property=\"og:site_name\" content=\"BOXX Insurance Canada\" \/>\n<meta property=\"article:publisher\" content=\"https:\/\/www.facebook.com\/BOXXInsuranceInc\/\" \/>\n<meta property=\"article:modified_time\" content=\"2023-11-29T16:56:12+00:00\" \/>\n<meta property=\"og:image\" content=\"https:\/\/boxxinsurance.com\/ca\/wp-content\/uploads\/sites\/3\/2023\/06\/BOXX-Website-Thumbnail-Image_For-Business-Industry-Healthcare.png\" \/>\n\t<meta property=\"og:image:width\" content=\"800\" \/>\n\t<meta property=\"og:image:height\" content=\"418\" \/>\n\t<meta property=\"og:image:type\" content=\"image\/png\" \/>\n<meta name=\"twitter:card\" content=\"summary_large_image\" \/>\n<meta name=\"twitter:site\" content=\"@BoxxInsurance\" \/>\n<script type=\"application\/ld+json\" class=\"yoast-schema-graph\">{\"@context\":\"https:\\\/\\\/schema.org\",\"@graph\":[{\"@type\":\"WebPage\",\"@id\":\"https:\\\/\\\/boxxinsurance.com\\\/ca\\\/fr\\\/produits-services-cyberassurance-petites-entreprises\\\/industries\\\/soins-de-sante\\\/\",\"url\":\"https:\\\/\\\/boxxinsurance.com\\\/ca\\\/fr\\\/produits-services-cyberassurance-petites-entreprises\\\/industries\\\/soins-de-sante\\\/\",\"name\":\"Cyberassurance pour les professionnels de la sant\u00e9 - BOXX Insurance Canada\",\"isPartOf\":{\"@id\":\"https:\\\/\\\/boxxinsurance.com\\\/ca\\\/fr\\\/#website\"},\"primaryImageOfPage\":{\"@id\":\"https:\\\/\\\/boxxinsurance.com\\\/ca\\\/fr\\\/produits-services-cyberassurance-petites-entreprises\\\/industries\\\/soins-de-sante\\\/#primaryimage\"},\"image\":{\"@id\":\"https:\\\/\\\/boxxinsurance.com\\\/ca\\\/fr\\\/produits-services-cyberassurance-petites-entreprises\\\/industries\\\/soins-de-sante\\\/#primaryimage\"},\"thumbnailUrl\":\"https:\\\/\\\/boxxinsurance.com\\\/ca\\\/wp-content\\\/uploads\\\/sites\\\/3\\\/2023\\\/06\\\/BOXX-Website-Thumbnail-Image_For-Business-Industry-Healthcare.png\",\"datePublished\":\"2023-04-19T12:40:33+00:00\",\"dateModified\":\"2023-11-29T16:56:12+00:00\",\"description\":\"La meilleure cyberassurance et protection pour les professionnels de la sant\u00e9. R\u00e9duisez les risques gr\u00e2ce \u00e0 la couverture et aux services de cyberassurance de BOXX.\",\"breadcrumb\":{\"@id\":\"https:\\\/\\\/boxxinsurance.com\\\/ca\\\/fr\\\/produits-services-cyberassurance-petites-entreprises\\\/industries\\\/soins-de-sante\\\/#breadcrumb\"},\"inLanguage\":\"fr-FR\",\"potentialAction\":[{\"@type\":\"ReadAction\",\"target\":[\"https:\\\/\\\/boxxinsurance.com\\\/ca\\\/fr\\\/produits-services-cyberassurance-petites-entreprises\\\/industries\\\/soins-de-sante\\\/\"]}]},{\"@type\":\"ImageObject\",\"inLanguage\":\"fr-FR\",\"@id\":\"https:\\\/\\\/boxxinsurance.com\\\/ca\\\/fr\\\/produits-services-cyberassurance-petites-entreprises\\\/industries\\\/soins-de-sante\\\/#primaryimage\",\"url\":\"https:\\\/\\\/boxxinsurance.com\\\/ca\\\/wp-content\\\/uploads\\\/sites\\\/3\\\/2023\\\/06\\\/BOXX-Website-Thumbnail-Image_For-Business-Industry-Healthcare.png\",\"contentUrl\":\"https:\\\/\\\/boxxinsurance.com\\\/ca\\\/wp-content\\\/uploads\\\/sites\\\/3\\\/2023\\\/06\\\/BOXX-Website-Thumbnail-Image_For-Business-Industry-Healthcare.png\",\"width\":800,\"height\":418,\"caption\":\"cyber insurance and protection for healthcare companies\"},{\"@type\":\"BreadcrumbList\",\"@id\":\"https:\\\/\\\/boxxinsurance.com\\\/ca\\\/fr\\\/produits-services-cyberassurance-petites-entreprises\\\/industries\\\/soins-de-sante\\\/#breadcrumb\",\"itemListElement\":[{\"@type\":\"ListItem\",\"position\":1,\"name\":\"Home\",\"item\":\"https:\\\/\\\/boxxinsurance.com\\\/ca\\\/fr\\\/\"},{\"@type\":\"ListItem\",\"position\":2,\"name\":\"Cyberboxx\u00ae Business\",\"item\":\"https:\\\/\\\/boxxinsurance.com\\\/ca\\\/fr\\\/produits-services-cyberassurance-petites-entreprises\\\/\"},{\"@type\":\"ListItem\",\"position\":3,\"name\":\"Cyberboxx Business Industries en Vedet\",\"item\":\"https:\\\/\\\/boxxinsurance.com\\\/ca\\\/fr\\\/produits-services-cyberassurance-petites-entreprises\\\/industries\\\/\"},{\"@type\":\"ListItem\",\"position\":4,\"name\":\"Cyberboxx Business Industry: Soins de Sant\u00e9\"}]},{\"@type\":\"WebSite\",\"@id\":\"https:\\\/\\\/boxxinsurance.com\\\/ca\\\/fr\\\/#website\",\"url\":\"https:\\\/\\\/boxxinsurance.com\\\/ca\\\/fr\\\/\",\"name\":\"BOXX Insurance Canada\",\"description\":\"Outsmarting Cyber Risk Together\",\"publisher\":{\"@id\":\"https:\\\/\\\/boxxinsurance.com\\\/ca\\\/fr\\\/#organization\"},\"alternateName\":\"BOXX Insurance\",\"potentialAction\":[{\"@type\":\"SearchAction\",\"target\":{\"@type\":\"EntryPoint\",\"urlTemplate\":\"https:\\\/\\\/boxxinsurance.com\\\/ca\\\/fr\\\/?s={search_term_string}\"},\"query-input\":{\"@type\":\"PropertyValueSpecification\",\"valueRequired\":true,\"valueName\":\"search_term_string\"}}],\"inLanguage\":\"fr-FR\"},{\"@type\":\"Organization\",\"@id\":\"https:\\\/\\\/boxxinsurance.com\\\/ca\\\/fr\\\/#organization\",\"name\":\"BOXX Insurance\",\"alternateName\":\"BOXX Cyber Insurance\",\"url\":\"https:\\\/\\\/boxxinsurance.com\\\/ca\\\/fr\\\/\",\"logo\":{\"@type\":\"ImageObject\",\"inLanguage\":\"fr-FR\",\"@id\":\"https:\\\/\\\/boxxinsurance.com\\\/ca\\\/fr\\\/#\\\/schema\\\/logo\\\/image\\\/\",\"url\":\"https:\\\/\\\/boxxinsurance.com\\\/ca\\\/wp-content\\\/uploads\\\/sites\\\/3\\\/2024\\\/11\\\/Thumbnail-BOXX-Insurance-2024.png\",\"contentUrl\":\"https:\\\/\\\/boxxinsurance.com\\\/ca\\\/wp-content\\\/uploads\\\/sites\\\/3\\\/2024\\\/11\\\/Thumbnail-BOXX-Insurance-2024.png\",\"width\":1920,\"height\":1080,\"caption\":\"BOXX Insurance\"},\"image\":{\"@id\":\"https:\\\/\\\/boxxinsurance.com\\\/ca\\\/fr\\\/#\\\/schema\\\/logo\\\/image\\\/\"},\"sameAs\":[\"https:\\\/\\\/www.facebook.com\\\/BOXXInsuranceInc\\\/\",\"https:\\\/\\\/x.com\\\/BoxxInsurance\",\"https:\\\/\\\/www.youtube.com\\\/@boxxinsurance\",\"https:\\\/\\\/www.instagram.com\\\/boxxinsurance\\\/\",\"https:\\\/\\\/www.linkedin.com\\\/company\\\/boxxinsurance\"],\"description\":\"BOXX Insurance is a global leader in cyber insurance and cybersecurity solutions, providing comprehensive digital protection for individuals, families and businesses. Combining insurance coverage with proactive cybersecurity measures to safeguard against threats like data breaches, ransomware attacks, identity theft and online fraud. Tailored cyber insurance policies protect against financial loss from cyber incidents. Serving small businesses and enterprises, we provide cyber risk management, threat detection and incident response services. Operating internationally, we leverage worldwide expertise to provide localized solutions. Our innovative approach sets us apart in the evolving cybersecurity landscape. Get cyber insurance protection.\",\"email\":\"info@boxxinsurance.com\",\"telephone\":\"1-416-583-3745\",\"legalName\":\"BOXX Insurance Inc.\",\"foundingDate\":\"2018-05-01\",\"numberOfEmployees\":{\"@type\":\"QuantitativeValue\",\"minValue\":\"51\",\"maxValue\":\"200\"}}]}<\/script>\n<!-- \/ Yoast SEO Premium plugin. -->","yoast_head_json":{"title":"Cyberassurance pour les professionnels de la sant\u00e9 - BOXX Insurance Canada","description":"La meilleure cyberassurance et protection pour les professionnels de la sant\u00e9. R\u00e9duisez les risques gr\u00e2ce \u00e0 la couverture et aux services de cyberassurance de BOXX.","robots":{"index":"index","follow":"follow","max-snippet":"max-snippet:-1","max-image-preview":"max-image-preview:large","max-video-preview":"max-video-preview:-1"},"canonical":"https:\/\/boxxinsurance.com\/ca\/fr\/produits-services-cyberassurance-petites-entreprises\/industries\/soins-de-sante\/","og_locale":"fr_FR","og_type":"article","og_title":"Cyberboxx Business Industry: Soins de Sant\u00e9","og_description":"La meilleure cyberassurance et protection pour les professionnels de la sant\u00e9. R\u00e9duisez les risques gr\u00e2ce \u00e0 la couverture et aux services de cyberassurance de BOXX.","og_url":"https:\/\/boxxinsurance.com\/ca\/fr\/produits-services-cyberassurance-petites-entreprises\/industries\/soins-de-sante\/","og_site_name":"BOXX Insurance Canada","article_publisher":"https:\/\/www.facebook.com\/BOXXInsuranceInc\/","article_modified_time":"2023-11-29T16:56:12+00:00","og_image":[{"width":800,"height":418,"url":"https:\/\/boxxinsurance.com\/ca\/wp-content\/uploads\/sites\/3\/2023\/06\/BOXX-Website-Thumbnail-Image_For-Business-Industry-Healthcare.png","type":"image\/png"}],"twitter_card":"summary_large_image","twitter_site":"@BoxxInsurance","schema":{"@context":"https:\/\/schema.org","@graph":[{"@type":"WebPage","@id":"https:\/\/boxxinsurance.com\/ca\/fr\/produits-services-cyberassurance-petites-entreprises\/industries\/soins-de-sante\/","url":"https:\/\/boxxinsurance.com\/ca\/fr\/produits-services-cyberassurance-petites-entreprises\/industries\/soins-de-sante\/","name":"Cyberassurance pour les professionnels de la sant\u00e9 - BOXX Insurance Canada","isPartOf":{"@id":"https:\/\/boxxinsurance.com\/ca\/fr\/#website"},"primaryImageOfPage":{"@id":"https:\/\/boxxinsurance.com\/ca\/fr\/produits-services-cyberassurance-petites-entreprises\/industries\/soins-de-sante\/#primaryimage"},"image":{"@id":"https:\/\/boxxinsurance.com\/ca\/fr\/produits-services-cyberassurance-petites-entreprises\/industries\/soins-de-sante\/#primaryimage"},"thumbnailUrl":"https:\/\/boxxinsurance.com\/ca\/wp-content\/uploads\/sites\/3\/2023\/06\/BOXX-Website-Thumbnail-Image_For-Business-Industry-Healthcare.png","datePublished":"2023-04-19T12:40:33+00:00","dateModified":"2023-11-29T16:56:12+00:00","description":"La meilleure cyberassurance et protection pour les professionnels de la sant\u00e9. R\u00e9duisez les risques gr\u00e2ce \u00e0 la couverture et aux services de cyberassurance de BOXX.","breadcrumb":{"@id":"https:\/\/boxxinsurance.com\/ca\/fr\/produits-services-cyberassurance-petites-entreprises\/industries\/soins-de-sante\/#breadcrumb"},"inLanguage":"fr-FR","potentialAction":[{"@type":"ReadAction","target":["https:\/\/boxxinsurance.com\/ca\/fr\/produits-services-cyberassurance-petites-entreprises\/industries\/soins-de-sante\/"]}]},{"@type":"ImageObject","inLanguage":"fr-FR","@id":"https:\/\/boxxinsurance.com\/ca\/fr\/produits-services-cyberassurance-petites-entreprises\/industries\/soins-de-sante\/#primaryimage","url":"https:\/\/boxxinsurance.com\/ca\/wp-content\/uploads\/sites\/3\/2023\/06\/BOXX-Website-Thumbnail-Image_For-Business-Industry-Healthcare.png","contentUrl":"https:\/\/boxxinsurance.com\/ca\/wp-content\/uploads\/sites\/3\/2023\/06\/BOXX-Website-Thumbnail-Image_For-Business-Industry-Healthcare.png","width":800,"height":418,"caption":"cyber insurance and protection for healthcare companies"},{"@type":"BreadcrumbList","@id":"https:\/\/boxxinsurance.com\/ca\/fr\/produits-services-cyberassurance-petites-entreprises\/industries\/soins-de-sante\/#breadcrumb","itemListElement":[{"@type":"ListItem","position":1,"name":"Home","item":"https:\/\/boxxinsurance.com\/ca\/fr\/"},{"@type":"ListItem","position":2,"name":"Cyberboxx\u00ae Business","item":"https:\/\/boxxinsurance.com\/ca\/fr\/produits-services-cyberassurance-petites-entreprises\/"},{"@type":"ListItem","position":3,"name":"Cyberboxx Business Industries en Vedet","item":"https:\/\/boxxinsurance.com\/ca\/fr\/produits-services-cyberassurance-petites-entreprises\/industries\/"},{"@type":"ListItem","position":4,"name":"Cyberboxx Business Industry: Soins de Sant\u00e9"}]},{"@type":"WebSite","@id":"https:\/\/boxxinsurance.com\/ca\/fr\/#website","url":"https:\/\/boxxinsurance.com\/ca\/fr\/","name":"BOXX Insurance Canada","description":"Outsmarting Cyber Risk Together","publisher":{"@id":"https:\/\/boxxinsurance.com\/ca\/fr\/#organization"},"alternateName":"BOXX Insurance","potentialAction":[{"@type":"SearchAction","target":{"@type":"EntryPoint","urlTemplate":"https:\/\/boxxinsurance.com\/ca\/fr\/?s={search_term_string}"},"query-input":{"@type":"PropertyValueSpecification","valueRequired":true,"valueName":"search_term_string"}}],"inLanguage":"fr-FR"},{"@type":"Organization","@id":"https:\/\/boxxinsurance.com\/ca\/fr\/#organization","name":"BOXX Insurance","alternateName":"BOXX Cyber Insurance","url":"https:\/\/boxxinsurance.com\/ca\/fr\/","logo":{"@type":"ImageObject","inLanguage":"fr-FR","@id":"https:\/\/boxxinsurance.com\/ca\/fr\/#\/schema\/logo\/image\/","url":"https:\/\/boxxinsurance.com\/ca\/wp-content\/uploads\/sites\/3\/2024\/11\/Thumbnail-BOXX-Insurance-2024.png","contentUrl":"https:\/\/boxxinsurance.com\/ca\/wp-content\/uploads\/sites\/3\/2024\/11\/Thumbnail-BOXX-Insurance-2024.png","width":1920,"height":1080,"caption":"BOXX Insurance"},"image":{"@id":"https:\/\/boxxinsurance.com\/ca\/fr\/#\/schema\/logo\/image\/"},"sameAs":["https:\/\/www.facebook.com\/BOXXInsuranceInc\/","https:\/\/x.com\/BoxxInsurance","https:\/\/www.youtube.com\/@boxxinsurance","https:\/\/www.instagram.com\/boxxinsurance\/","https:\/\/www.linkedin.com\/company\/boxxinsurance"],"description":"BOXX Insurance is a global leader in cyber insurance and cybersecurity solutions, providing comprehensive digital protection for individuals, families and businesses. Combining insurance coverage with proactive cybersecurity measures to safeguard against threats like data breaches, ransomware attacks, identity theft and online fraud. Tailored cyber insurance policies protect against financial loss from cyber incidents. Serving small businesses and enterprises, we provide cyber risk management, threat detection and incident response services. Operating internationally, we leverage worldwide expertise to provide localized solutions. Our innovative approach sets us apart in the evolving cybersecurity landscape. Get cyber insurance protection.","email":"info@boxxinsurance.com","telephone":"1-416-583-3745","legalName":"BOXX Insurance Inc.","foundingDate":"2018-05-01","numberOfEmployees":{"@type":"QuantitativeValue","minValue":"51","maxValue":"200"}}]}},"_links":{"self":[{"href":"https:\/\/boxxinsurance.com\/ca\/fr\/wp-json\/wp\/v2\/pages\/8508","targetHints":{"allow":["GET"]}}],"collection":[{"href":"https:\/\/boxxinsurance.com\/ca\/fr\/wp-json\/wp\/v2\/pages"}],"about":[{"href":"https:\/\/boxxinsurance.com\/ca\/fr\/wp-json\/wp\/v2\/types\/page"}],"author":[{"embeddable":true,"href":"https:\/\/boxxinsurance.com\/ca\/fr\/wp-json\/wp\/v2\/users\/2"}],"replies":[{"embeddable":true,"href":"https:\/\/boxxinsurance.com\/ca\/fr\/wp-json\/wp\/v2\/comments?post=8508"}],"version-history":[{"count":6,"href":"https:\/\/boxxinsurance.com\/ca\/fr\/wp-json\/wp\/v2\/pages\/8508\/revisions"}],"predecessor-version":[{"id":9710,"href":"https:\/\/boxxinsurance.com\/ca\/fr\/wp-json\/wp\/v2\/pages\/8508\/revisions\/9710"}],"up":[{"embeddable":true,"href":"https:\/\/boxxinsurance.com\/ca\/fr\/wp-json\/wp\/v2\/pages\/8506"}],"wp:featuredmedia":[{"embeddable":true,"href":"https:\/\/boxxinsurance.com\/ca\/fr\/wp-json\/wp\/v2\/media\/8205"}],"wp:attachment":[{"href":"https:\/\/boxxinsurance.com\/ca\/fr\/wp-json\/wp\/v2\/media?parent=8508"}],"curies":[{"name":"wp","href":"https:\/\/api.w.org\/{rel}","templated":true}]}}